{"id":20,"date":"2020-10-23T11:59:45","date_gmt":"2020-10-23T11:59:45","guid":{"rendered":"https:\/\/xn--suveniiridemjatejatootjateliit-gfda.ee\/?page_id=20"},"modified":"2020-12-20T11:42:11","modified_gmt":"2020-12-20T11:42:11","slug":"kontakt","status":"publish","type":"page","link":"https:\/\/xn--suveniiridemjatejatootjateliit-gfda.ee\/?page_id=20","title":{"rendered":"Kontakt"},"content":{"rendered":"\n<p><strong>Aadress<\/strong><br>Katusepapi 11<br>11412 Tallinn<br>Estonia<br>+372 6213 004<br><strong><a href=\"mailto:info@suveniirid.ee\">info@suveniiridem\u00fc\u00fcjatejatootjateliit.ee<\/a><\/strong><\/p>\n\n\n\n<p><strong>T\u00f6\u00f6aeg<\/strong><br>E &#8211; R<br>9:00\u201317:00<br><\/p>\n","protected":false},"excerpt":{"rendered":"<p>AadressKatusepapi 1111412 TallinnEstonia+372 6213 004info@suveniiridem\u00fc\u00fcjatejatootjateliit.ee T\u00f6\u00f6aegE &#8211; R9:00\u201317:00<\/p>\n","protected":false},"author":1,"featured_media":0,"parent":0,"menu_order":0,"comment_status":"closed","ping_status":"closed","template":"","meta":{"footnotes":""},"class_list":["post-20","page","type-page","status-publish","hentry"],"_links":{"self":[{"href":"https:\/\/xn--suveniiridemjatejatootjateliit-gfda.ee\/index.php?rest_route=\/wp\/v2\/pages\/20","targetHints":{"allow":["GET"]}}],"collection":[{"href":"https:\/\/xn--suveniiridemjatejatootjateliit-gfda.ee\/index.php?rest_route=\/wp\/v2\/pages"}],"about":[{"href":"https:\/\/xn--suveniiridemjatejatootjateliit-gfda.ee\/index.php?rest_route=\/wp\/v2\/types\/page"}],"author":[{"embeddable":true,"href":"https:\/\/xn--suveniiridemjatejatootjateliit-gfda.ee\/index.php?rest_route=\/wp\/v2\/users\/1"}],"replies":[{"embeddable":true,"href":"https:\/\/xn--suveniiridemjatejatootjateliit-gfda.ee\/index.php?rest_route=%2Fwp%2Fv2%2Fcomments&post=20"}],"version-history":[{"count":5,"href":"https:\/\/xn--suveniiridemjatejatootjateliit-gfda.ee\/index.php?rest_route=\/wp\/v2\/pages\/20\/revisions"}],"predecessor-version":[{"id":368,"href":"https:\/\/xn--suveniiridemjatejatootjateliit-gfda.ee\/index.php?rest_route=\/wp\/v2\/pages\/20\/revisions\/368"}],"wp:attachment":[{"href":"https:\/\/xn--suveniiridemjatejatootjateliit-gfda.ee\/index.php?rest_route=%2Fwp%2Fv2%2Fmedia&parent=20"}],"curies":[{"name":"wp","href":"https:\/\/api.w.org\/{rel}","templated":true}]}}