{"id":201,"date":"2020-12-06T15:45:59","date_gmt":"2020-12-06T15:45:59","guid":{"rendered":"https:\/\/xn--suveniiridemjatejatootjateliit-gfda.ee\/?page_id=201"},"modified":"2020-12-31T14:39:08","modified_gmt":"2020-12-31T14:39:08","slug":"astu-liikmeks","status":"publish","type":"page","link":"https:\/\/xn--suveniiridemjatejatootjateliit-gfda.ee\/?page_id=201","title":{"rendered":"Astu Liikmeks"},"content":{"rendered":"\n<h2 class=\"has-text-align-center wp-block-heading\">Liitumine Sulle on TASUTA!<\/h2>\n\n\n\n<p class=\"has-text-align-center\"><a rel=\"noreferrer noopener\" href=\"http:\/\/www.suveniirid.ee\/index.php?page=72\" target=\"_blank\"><strong>LIITU SIIN<\/strong><\/a><br>Kui liitumisvormi ei \u00f5nnestu t\u00e4ita saada liitumissoov vabas vormis:&nbsp;<strong><a href=\"mailto:info@suveniirid.ee\">info@suveniiridem\u00fc\u00fcjatejatootjateliit.ee<\/a><\/strong><\/p>\n\n\n\n<p class=\"has-text-align-center\"><em>Teile kehtivad k\u00f5ik \u00f5igused ja kohustused mis SMTL p\u00f5hikirja j\u00e4rgi kaasnevad.<br>\u00dchtlasi on teil \u00f5igus saada igak\u00fclgset abi vastavalt STML eesm\u00e4rgile, p\u00e4devusele ja oskusele.<br>Teil on \u00f5igus esitada p\u00e4ringuid ja ettepanekuid, k\u00fcsida infot, teha p\u00f6\u00f6rdumisi ja avaldusi, leppida kokku kokkusaamisi ja n\u00f5ustamisi<\/em>.<\/p>\n\n\n\n<p class=\"has-text-align-center\">P\u00f5hikirja leiab siit:<\/p>\n\n\n\n<div class=\"wp-block-file aligncenter\"><a href=\"https:\/\/xn--suveniiridemjatejatootjateliit-gfda.ee\/wp-content\/uploads\/2020\/12\/Suveniiride-Muujate-ja-Tootjate-Liit-MTU\u0308-pohikiri.pdf\">Suveniiride-Muujate-ja-Tootjate-Liit-MTU\u0308-pohikiri<\/a><a href=\"https:\/\/xn--suveniiridemjatejatootjateliit-gfda.ee\/wp-content\/uploads\/2020\/12\/Suveniiride-Muujate-ja-Tootjate-Liit-MTU\u0308-pohikiri.pdf\" class=\"wp-block-file__button\" download>Download<\/a><\/div>\n\n\n\n<p><em>Teie kontaktid lisatakse uudiskirja saajate nimekirja.<\/em><\/p>\n","protected":false},"excerpt":{"rendered":"<p>Liitumine Sulle on TASUTA! LIITU SIINKui liitumisvormi ei \u00f5nnestu t\u00e4ita saada liitumissoov vabas vormis:&nbsp;info@suveniiridem\u00fc\u00fcjatejatootjateliit.ee Teile kehtivad k\u00f5ik \u00f5igused ja kohustused mis SMTL p\u00f5hikirja j\u00e4rgi kaasnevad.\u00dchtlasi on teil \u00f5igus saada igak\u00fclgset abi vastavalt STML eesm\u00e4rgile, p\u00e4devusele ja oskusele.Teil on \u00f5igus esitada p\u00e4ringuid ja ettepanekuid, k\u00fcsida infot, teha p\u00f6\u00f6rdumisi ja avaldusi, leppida kokku kokkusaamisi ja n\u00f5ustamisi. P\u00f5hikirja [&hellip;]<\/p>\n","protected":false},"author":1,"featured_media":0,"parent":0,"menu_order":0,"comment_status":"closed","ping_status":"closed","template":"","meta":{"footnotes":""},"class_list":["post-201","page","type-page","status-publish","hentry"],"_links":{"self":[{"href":"https:\/\/xn--suveniiridemjatejatootjateliit-gfda.ee\/index.php?rest_route=\/wp\/v2\/pages\/201","targetHints":{"allow":["GET"]}}],"collection":[{"href":"https:\/\/xn--suveniiridemjatejatootjateliit-gfda.ee\/index.php?rest_route=\/wp\/v2\/pages"}],"about":[{"href":"https:\/\/xn--suveniiridemjatejatootjateliit-gfda.ee\/index.php?rest_route=\/wp\/v2\/types\/page"}],"author":[{"embeddable":true,"href":"https:\/\/xn--suveniiridemjatejatootjateliit-gfda.ee\/index.php?rest_route=\/wp\/v2\/users\/1"}],"replies":[{"embeddable":true,"href":"https:\/\/xn--suveniiridemjatejatootjateliit-gfda.ee\/index.php?rest_route=%2Fwp%2Fv2%2Fcomments&post=201"}],"version-history":[{"count":18,"href":"https:\/\/xn--suveniiridemjatejatootjateliit-gfda.ee\/index.php?rest_route=\/wp\/v2\/pages\/201\/revisions"}],"predecessor-version":[{"id":458,"href":"https:\/\/xn--suveniiridemjatejatootjateliit-gfda.ee\/index.php?rest_route=\/wp\/v2\/pages\/201\/revisions\/458"}],"wp:attachment":[{"href":"https:\/\/xn--suveniiridemjatejatootjateliit-gfda.ee\/index.php?rest_route=%2Fwp%2Fv2%2Fmedia&parent=201"}],"curies":[{"name":"wp","href":"https:\/\/api.w.org\/{rel}","templated":true}]}}