{"id":491,"date":"2021-01-24T12:40:25","date_gmt":"2021-01-24T12:40:25","guid":{"rendered":"https:\/\/xn--suveniiridemjatejatootjateliit-gfda.ee\/?page_id=491"},"modified":"2021-05-10T11:00:04","modified_gmt":"2021-05-10T11:00:04","slug":"toetused","status":"publish","type":"page","link":"https:\/\/xn--suveniiridemjatejatootjateliit-gfda.ee\/?page_id=491","title":{"rendered":"Toetused"},"content":{"rendered":"\n<h3 class=\"wp-block-heading\">Kultuuriministeeriumi toetused<\/h3>\n\n\n\n<p><em><strong>Kultuuriministeerium pakub kriisiabi kultuuri- ja spordivaldkonnale<\/strong>. <strong>Taotlusvoor on avatud kuni 17. maini.&nbsp;<\/strong><\/em><\/p>\n\n\n\n<p>Taotluste esitamine toimub: <a href=\"Toetuste%20Menetlemise%20Infos\u00fcsteemis\">Toetuste Menetlemise Infos\u00fcsteemis<\/a><\/p>\n\n\n\n<p>Toetust saab:<br>1)\u00a0muuseum,<br>2)\u00a0etendusasutus,<br>3)\u00a0kontserdikorraldaja,<br>4)\u00a0kontserdipaik,<a><br><\/a>5)\u00a0n\u00e4ituseasutus v\u00f5i n\u00e4itusepaik,<br>6)\u00a0arhitektuuri- v\u00f5i disainis\u00fcndmuste korraldaja,<br>7)\u00a0kauplus, mis on spetsialiseerunud kunstitarvete, nootide v\u00f5i kunsti-, muusika-, teatri- alase kirjanduse m\u00fc\u00fcgile,<br>7 a) kauplus, kelle tootevalikust enamuse moodustab aime- v\u00f5i ilukirjandus<br>7 b) kauplus, kes m\u00fc\u00fcb disaini mis on ettev\u00f5tte omanike hulka kuuluva autori enda looming,<br>7 c) kunstiteoseid vahendav kauplus v\u00f5i galerii,<br>8)\u00a0kirjanduss\u00fcndmuste korraldaja;<br>9) Vt punkt 7 b<br>10)\u00a0rahvamaja,<br>11)\u00a0k\u00e4sit\u00f6\u00f6keskus, kes kasutab traditsioonilisi k\u00e4sit\u00f6\u00f6tehnikaid ning kohalikke materjale,<br>12)\u00a0rahvatantsukollektiiv,<\/p>\n\n\n\n<p>Kriisiabi m\u00e4\u00e4rus:&nbsp;<a rel=\"noreferrer noopener\" href=\"https:\/\/www.riigiteataja.ee\/akt\/122042021009?fbclid=IwAR1StB_CNomzVP75_C-5GgVuZbw0thb8Eetf9dAJot4t3eGxTaPPn43t9Gw\" target=\"_blank\">COVID-19 puhangust tingitud erakorraline abi kultuurikorraldajatele<\/a><\/p>\n\n\n\n<hr class=\"wp-block-separator\"\/>\n\n\n\n<h5 class=\"wp-block-heading\"><em>Toetus 4:<\/em> <strong>Ettev\u00f5tjate toetamine seoses COVID-19 haigust p\u00f5hjustava koroonaviiruse levikust tulenevate piirangutega (2021 kevad)<\/strong><\/h5>\n\n\n\n<div class=\"wp-block-file\"><a href=\"https:\/\/xn--suveniiridemjatejatootjateliit-gfda.ee\/wp-content\/uploads\/2021\/04\/Toetus-nr-4-Tingimused.pdf\">Toetus-nr-4-Tingimused<\/a><a href=\"https:\/\/xn--suveniiridemjatejatootjateliit-gfda.ee\/wp-content\/uploads\/2021\/04\/Toetus-nr-4-Tingimused.pdf\" class=\"wp-block-file__button\" download>Laadi alla<\/a><\/div>\n\n\n\n<div class=\"wp-block-file\"><a href=\"https:\/\/xn--suveniiridemjatejatootjateliit-gfda.ee\/wp-content\/uploads\/2021\/04\/vol-4-EELNOU-08.pdf\">vol-4-EELNOU-08<\/a><a href=\"https:\/\/xn--suveniiridemjatejatootjateliit-gfda.ee\/wp-content\/uploads\/2021\/04\/vol-4-EELNOU-08.pdf\" class=\"wp-block-file__button\" download>Laadi alla<\/a><\/div>\n\n\n\n<div class=\"wp-block-file\"><a href=\"https:\/\/xn--suveniiridemjatejatootjateliit-gfda.ee\/wp-content\/uploads\/2021\/04\/Vol-4-SELETUSKIRI-08.pdf\">Vol-4-SELETUSKIRI-08<\/a><a href=\"https:\/\/xn--suveniiridemjatejatootjateliit-gfda.ee\/wp-content\/uploads\/2021\/04\/Vol-4-SELETUSKIRI-08.pdf\" class=\"wp-block-file__button\" download>Laadi alla<\/a><\/div>\n\n\n\n<hr class=\"wp-block-separator\"\/>\n\n\n\n<h5 class=\"wp-block-heading\"><em>Toetus 3:<\/em> K\u00c4SIT\u00d6\u00d6- JA SUVENIIRIM\u00dc\u00dcJA KAHJUDE OSALISE H\u00dcVITAMISE TOETUS<\/h5>\n\n\n\n<p>Taotluste vastuv\u00f5tt l\u00f5ppes 8 aprillil 2021, t\u00e4psem info EAS <a rel=\"noreferrer noopener\" href=\"https:\/\/www.eas.ee\/teenus\/covid-suveniir\/\" target=\"_blank\">https:\/\/www.eas.ee\/teenus\/covid-suveniir\/<\/a><\/p>\n\n\n\n<div class=\"wp-block-file\"><a href=\"https:\/\/xn--suveniiridemjatejatootjateliit-gfda.ee\/wp-content\/uploads\/2021\/01\/Tingimused.pdf\">Tingimused<\/a><a href=\"https:\/\/xn--suveniiridemjatejatootjateliit-gfda.ee\/wp-content\/uploads\/2021\/01\/Tingimused.pdf\" class=\"wp-block-file__button\" download>Laadi alla<\/a><\/div>\n\n\n\n<div class=\"wp-block-file\"><a href=\"https:\/\/xn--suveniiridemjatejatootjateliit-gfda.ee\/wp-content\/uploads\/2021\/01\/Puhka-Eestis-veebilehe-kriteeriumid.pdf\">Puhka-Eestis-veebilehe-kriteeriumid<\/a><a href=\"https:\/\/xn--suveniiridemjatejatootjateliit-gfda.ee\/wp-content\/uploads\/2021\/01\/Puhka-Eestis-veebilehe-kriteeriumid.pdf\" class=\"wp-block-file__button\" download>Laadi alla<\/a><\/div>\n\n\n\n<div class=\"wp-block-file\"><a href=\"https:\/\/xn--suveniiridemjatejatootjateliit-gfda.ee\/wp-content\/uploads\/2021\/01\/Toetuse-info.pdf\">Toetuse-info<\/a><a href=\"https:\/\/xn--suveniiridemjatejatootjateliit-gfda.ee\/wp-content\/uploads\/2021\/01\/Toetuse-info.pdf\" class=\"wp-block-file__button\" download>Laadi alla<\/a><\/div>\n\n\n\n<div class=\"wp-block-file\"><a href=\"https:\/\/xn--suveniiridemjatejatootjateliit-gfda.ee\/wp-content\/uploads\/2021\/01\/Taotluse-nouded-ja-menetlemine.pdf\">Taotluse-nouded-ja-menetlemine<\/a><a href=\"https:\/\/xn--suveniiridemjatejatootjateliit-gfda.ee\/wp-content\/uploads\/2021\/01\/Taotluse-nouded-ja-menetlemine.pdf\" class=\"wp-block-file__button\" download>Laadi alla<\/a><\/div>\n\n\n\n<hr class=\"wp-block-separator\"\/>\n\n\n\n<p><\/p>\n","protected":false},"excerpt":{"rendered":"<p>Kultuuriministeeriumi toetused Kultuuriministeerium pakub kriisiabi kultuuri- ja spordivaldkonnale. Taotlusvoor on avatud kuni 17. maini.&nbsp; Taotluste esitamine toimub: Toetuste Menetlemise Infos\u00fcsteemis Toetust saab:1)\u00a0muuseum,2)\u00a0etendusasutus,3)\u00a0kontserdikorraldaja,4)\u00a0kontserdipaik,5)\u00a0n\u00e4ituseasutus v\u00f5i n\u00e4itusepaik,6)\u00a0arhitektuuri- v\u00f5i disainis\u00fcndmuste korraldaja,7)\u00a0kauplus, mis on spetsialiseerunud kunstitarvete, nootide v\u00f5i kunsti-, muusika-, teatri- alase kirjanduse m\u00fc\u00fcgile,7 a) kauplus, kelle tootevalikust enamuse moodustab aime- v\u00f5i ilukirjandus7 b) kauplus, kes m\u00fc\u00fcb disaini mis on [&hellip;]<\/p>\n","protected":false},"author":1,"featured_media":0,"parent":0,"menu_order":0,"comment_status":"closed","ping_status":"closed","template":"","meta":{"footnotes":""},"class_list":["post-491","page","type-page","status-publish","hentry"],"_links":{"self":[{"href":"https:\/\/xn--suveniiridemjatejatootjateliit-gfda.ee\/index.php?rest_route=\/wp\/v2\/pages\/491","targetHints":{"allow":["GET"]}}],"collection":[{"href":"https:\/\/xn--suveniiridemjatejatootjateliit-gfda.ee\/index.php?rest_route=\/wp\/v2\/pages"}],"about":[{"href":"https:\/\/xn--suveniiridemjatejatootjateliit-gfda.ee\/index.php?rest_route=\/wp\/v2\/types\/page"}],"author":[{"embeddable":true,"href":"https:\/\/xn--suveniiridemjatejatootjateliit-gfda.ee\/index.php?rest_route=\/wp\/v2\/users\/1"}],"replies":[{"embeddable":true,"href":"https:\/\/xn--suveniiridemjatejatootjateliit-gfda.ee\/index.php?rest_route=%2Fwp%2Fv2%2Fcomments&post=491"}],"version-history":[{"count":25,"href":"https:\/\/xn--suveniiridemjatejatootjateliit-gfda.ee\/index.php?rest_route=\/wp\/v2\/pages\/491\/revisions"}],"predecessor-version":[{"id":623,"href":"https:\/\/xn--suveniiridemjatejatootjateliit-gfda.ee\/index.php?rest_route=\/wp\/v2\/pages\/491\/revisions\/623"}],"wp:attachment":[{"href":"https:\/\/xn--suveniiridemjatejatootjateliit-gfda.ee\/index.php?rest_route=%2Fwp%2Fv2%2Fmedia&parent=491"}],"curies":[{"name":"wp","href":"https:\/\/api.w.org\/{rel}","templated":true}]}}