{"id":492,"date":"2021-01-24T12:40:25","date_gmt":"2021-01-24T12:40:25","guid":{"rendered":"https:\/\/xn--suveniiridemjatejatootjateliit-gfda.ee\/?page_id=492"},"modified":"2021-01-24T14:16:44","modified_gmt":"2021-01-24T14:16:44","slug":"suveniiri-ja-kasitoomuujad","status":"publish","type":"page","link":"https:\/\/xn--suveniiridemjatejatootjateliit-gfda.ee\/?page_id=492","title":{"rendered":"Suveniiri- ja K\u00e4sit\u00f6\u00f6m\u00fc\u00fcjad"},"content":{"rendered":"\n<p class=\"has-text-align-center\"><strong>Puhka Eestis weebilehel olevad K\u00e4sit\u00f6\u00f6- ja Suveniiripoed leiad kui klikid alloleval pildil<\/strong><\/p>\n\n\n\n<figure class=\"wp-block-image alignwide size-large\"><a href=\"https:\/\/www.puhkaeestis.ee\/et\/erilised-elamused\/ostlemine\/eesti-disain-kasitoo-toidukaup\" target=\"_blank\" rel=\"noopener\"><img loading=\"lazy\" decoding=\"async\" width=\"1024\" height=\"667\" src=\"https:\/\/xn--suveniiridemjatejatootjateliit-gfda.ee\/wp-content\/uploads\/2021\/01\/Poed-2-1024x667.png\" alt=\"\" class=\"wp-image-525\" srcset=\"https:\/\/xn--suveniiridemjatejatootjateliit-gfda.ee\/wp-content\/uploads\/2021\/01\/Poed-2-1024x667.png 1024w, https:\/\/xn--suveniiridemjatejatootjateliit-gfda.ee\/wp-content\/uploads\/2021\/01\/Poed-2-300x196.png 300w, https:\/\/xn--suveniiridemjatejatootjateliit-gfda.ee\/wp-content\/uploads\/2021\/01\/Poed-2-768x501.png 768w, https:\/\/xn--suveniiridemjatejatootjateliit-gfda.ee\/wp-content\/uploads\/2021\/01\/Poed-2-1200x782.png 1200w, https:\/\/xn--suveniiridemjatejatootjateliit-gfda.ee\/wp-content\/uploads\/2021\/01\/Poed-2.png 1476w\" sizes=\"auto, (max-width: 1024px) 100vw, 1024px\" \/><\/a><\/figure>\n","protected":false},"excerpt":{"rendered":"<p>Puhka Eestis weebilehel olevad K\u00e4sit\u00f6\u00f6- ja Suveniiripoed leiad kui klikid alloleval pildil<\/p>\n","protected":false},"author":1,"featured_media":0,"parent":0,"menu_order":0,"comment_status":"closed","ping_status":"closed","template":"","meta":{"footnotes":""},"class_list":["post-492","page","type-page","status-publish","hentry"],"_links":{"self":[{"href":"https:\/\/xn--suveniiridemjatejatootjateliit-gfda.ee\/index.php?rest_route=\/wp\/v2\/pages\/492","targetHints":{"allow":["GET"]}}],"collection":[{"href":"https:\/\/xn--suveniiridemjatejatootjateliit-gfda.ee\/index.php?rest_route=\/wp\/v2\/pages"}],"about":[{"href":"https:\/\/xn--suveniiridemjatejatootjateliit-gfda.ee\/index.php?rest_route=\/wp\/v2\/types\/page"}],"author":[{"embeddable":true,"href":"https:\/\/xn--suveniiridemjatejatootjateliit-gfda.ee\/index.php?rest_route=\/wp\/v2\/users\/1"}],"replies":[{"embeddable":true,"href":"https:\/\/xn--suveniiridemjatejatootjateliit-gfda.ee\/index.php?rest_route=%2Fwp%2Fv2%2Fcomments&post=492"}],"version-history":[{"count":19,"href":"https:\/\/xn--suveniiridemjatejatootjateliit-gfda.ee\/index.php?rest_route=\/wp\/v2\/pages\/492\/revisions"}],"predecessor-version":[{"id":534,"href":"https:\/\/xn--suveniiridemjatejatootjateliit-gfda.ee\/index.php?rest_route=\/wp\/v2\/pages\/492\/revisions\/534"}],"wp:attachment":[{"href":"https:\/\/xn--suveniiridemjatejatootjateliit-gfda.ee\/index.php?rest_route=%2Fwp%2Fv2%2Fmedia&parent=492"}],"curies":[{"name":"wp","href":"https:\/\/api.w.org\/{rel}","templated":true}]}}