{"id":55,"date":"2020-10-23T12:38:11","date_gmt":"2020-10-23T12:38:11","guid":{"rendered":"https:\/\/xn--suveniiridemjatejatootjateliit-gfda.ee\/?page_id=55"},"modified":"2021-01-24T12:37:34","modified_gmt":"2021-01-24T12:37:34","slug":"dokumendid","status":"publish","type":"page","link":"https:\/\/xn--suveniiridemjatejatootjateliit-gfda.ee\/?page_id=55","title":{"rendered":"Vastused"},"content":{"rendered":"\n<p class=\"has-text-align-center\"><\/p>\n\n\n\n<h2 class=\"wp-block-heading\">Eesti Vabariigi p\u00f5hiseadus<\/h2>\n\n\n\n<p>\u00a7 1.Eesti on iseseisev ja s\u00f5ltumatu demokraatlik vabariik, kus k\u00f5rgeima riigiv\u00f5imu kandja on rahvas<\/p>\n\n\n\n<p><a href=\"https:\/\/www.riigiteataja.ee\/akt\/633949\" target=\"_blank\" rel=\"noreferrer noopener\"><strong>Eesti Vabariigi p\u00f5hiseadus \u2013 Riigi Teataja<\/strong><\/a><\/p>\n\n\n\n<hr class=\"wp-block-separator\"\/>\n\n\n\n<div class=\"wp-block-file\"><a href=\"https:\/\/xn--suveniiridemjatejatootjateliit-gfda.ee\/wp-content\/uploads\/2021\/01\/Vastus-Suveniiride-Muujate-ja-Tootjate-Lii....pdf\">Vastus-Suveniiride-Muujate-ja-Tootjate-Lii&#8230;<\/a><a href=\"https:\/\/xn--suveniiridemjatejatootjateliit-gfda.ee\/wp-content\/uploads\/2021\/01\/Vastus-Suveniiride-Muujate-ja-Tootjate-Lii....pdf\" class=\"wp-block-file__button\" download>Laadi alla<\/a><\/div>\n\n\n\n<p>\u00d5iguskansleri Kantselei: P\u00f5hiseadusest ei tulene n\u00f5uet, et riigi kehtestatud piirangutega peaks maksma toetusi. Kahju h\u00fcvitamist saab n\u00f5uda nt riigivastutuse seaduse \u00a7 16 alusel<\/p>\n\n\n\n<hr class=\"wp-block-separator\"\/>\n\n\n\n<div class=\"wp-block-file\"><a href=\"https:\/\/xn--suveniiridemjatejatootjateliit-gfda.ee\/wp-content\/uploads\/2020\/12\/MKM-13.10.pdf\">MKM-13.10<\/a><a href=\"https:\/\/xn--suveniiridemjatejatootjateliit-gfda.ee\/wp-content\/uploads\/2020\/12\/MKM-13.10.pdf\" class=\"wp-block-file__button\" download>Laadi alla<\/a><\/div>\n\n\n\n<p>Sille Kraam \/Majandusarengu osakonna juhataja \/ Majandus- ja kommunikatsiooniministeerium \/ selgitab miks suveniiritootjad ja &#8211; m\u00fc\u00fcjad ei saa toetust<\/p>\n\n\n\n<hr class=\"wp-block-separator\"\/>\n\n\n\n<div class=\"wp-block-file\"><a href=\"https:\/\/xn--suveniiridemjatejatootjateliit-gfda.ee\/wp-content\/uploads\/2020\/12\/Savisaar-18.09.pdf\">Savisaar-18.09<\/a><a href=\"https:\/\/xn--suveniiridemjatejatootjateliit-gfda.ee\/wp-content\/uploads\/2020\/12\/Savisaar-18.09.pdf\" class=\"wp-block-file__button\" download>Laadi alla<\/a><\/div>\n\n\n\n<p>Erki Savisaar \/ Riigikogu liige \/ Keskerakond \/ selgitab miks suveniiritootjad ja &#8211; m\u00fc\u00fcjad ei saa toetust.<\/p>\n\n\n\n<hr class=\"wp-block-separator\"\/>\n\n\n\n<div class=\"wp-block-file\"><a href=\"https:\/\/xn--suveniiridemjatejatootjateliit-gfda.ee\/wp-content\/uploads\/2020\/12\/Loomeliiduna-tunnustamisest-keeldumine-23.07.pdf\">Loomeliiduna-tunnustamisest-keeldumine-23.07<\/a><a href=\"https:\/\/xn--suveniiridemjatejatootjateliit-gfda.ee\/wp-content\/uploads\/2020\/12\/Loomeliiduna-tunnustamisest-keeldumine-23.07.pdf\" class=\"wp-block-file__button\" download>Laadi alla<\/a><\/div>\n\n\n\n<p>T\u00f5nis Lukas \/ Kultuuriminister \/ selgitab miks ta Eesti suurimat k\u00e4sit\u00f6\u00f6organisatsiooni Tallinna K\u00e4sit\u00f6\u00f6messi keeldub tunnustamast loomeliiduna<\/p>\n\n\n\n<hr class=\"wp-block-separator\"\/>\n\n\n\n<div class=\"wp-block-file\"><a href=\"https:\/\/xn--suveniiridemjatejatootjateliit-gfda.ee\/wp-content\/uploads\/2020\/12\/Suveniiritehas-OU-17.07.png\">Suveniiritehas-OU-17.07<\/a><a href=\"https:\/\/xn--suveniiridemjatejatootjateliit-gfda.ee\/wp-content\/uploads\/2020\/12\/Suveniiritehas-OU-17.07.png\" class=\"wp-block-file__button\" download>Laadi alla<\/a><\/div>\n\n\n\n<p>Toomas Kalmet \/ Juhataja \/ Suveniiritehas O\u00dc\/ selgitab miks suveniiritootjad ja \u2013 m\u00fc\u00fcjad ei tohiks saada toetust.<\/p>\n\n\n\n<hr class=\"wp-block-separator\"\/>\n\n\n\n<div class=\"wp-block-file\"><a href=\"https:\/\/xn--suveniiridemjatejatootjateliit-gfda.ee\/wp-content\/uploads\/2020\/12\/Viljar-Lubi-15.07.pdf\">Viljar-Lubi-15.07<\/a><a href=\"https:\/\/xn--suveniiridemjatejatootjateliit-gfda.ee\/wp-content\/uploads\/2020\/12\/Viljar-Lubi-15.07.pdf\" class=\"wp-block-file__button\" download>Laadi alla<\/a><\/div>\n\n\n\n<p>Viljar Lubi<strong> &nbsp;<\/strong>\/ majandusarengu asekantsler \/ Majandus- ja Kommunikatsiooniministeerium \/ selgitab miks suveniiritootjad ja &#8211; m\u00fc\u00fcjad ei saa toetust<\/p>\n\n\n\n<hr class=\"wp-block-separator\"\/>\n\n\n\n<div class=\"wp-block-file\"><a href=\"https:\/\/xn--suveniiridemjatejatootjateliit-gfda.ee\/wp-content\/uploads\/2020\/12\/Vastus-Raul-Siem-14.07.pdf\">Vastus-Raul-Siem-14.07<\/a><a href=\"https:\/\/xn--suveniiridemjatejatootjateliit-gfda.ee\/wp-content\/uploads\/2020\/12\/Vastus-Raul-Siem-14.07.pdf\" class=\"wp-block-file__button\" download>Laadi alla<\/a><\/div>\n\n\n\n<p>Raul Siem \/ v\u00e4liskaubandus- ja infotehnoloogiaminister \/ selgitab justkui oleks midagi tehtud suveniiritootjate ja &#8211; m\u00fc\u00fcjate toetuseks.<\/p>\n\n\n\n<hr class=\"wp-block-separator\"\/>\n\n\n\n<div class=\"wp-block-file\"><a href=\"https:\/\/xn--suveniiridemjatejatootjateliit-gfda.ee\/wp-content\/uploads\/2020\/12\/Majanduskom.-04.07.pdf\">Majanduskom.-04.07<\/a><a href=\"https:\/\/xn--suveniiridemjatejatootjateliit-gfda.ee\/wp-content\/uploads\/2020\/12\/Majanduskom.-04.07.pdf\" class=\"wp-block-file__button\" download>Laadi alla<\/a><\/div>\n\n\n\n<p>Sven Sester \/ Esimees \/ Majanduskomisjon selgitab miks suveniiritootjad ja &#8211; m\u00fc\u00fcjad ei saa toetust.<\/p>\n\n\n\n<hr class=\"wp-block-separator\"\/>\n\n\n\n<div class=\"wp-block-file\"><a href=\"https:\/\/xn--suveniiridemjatejatootjateliit-gfda.ee\/wp-content\/uploads\/2020\/12\/President-04.07.pdf\">President-04.07<\/a><a href=\"https:\/\/xn--suveniiridemjatejatootjateliit-gfda.ee\/wp-content\/uploads\/2020\/12\/President-04.07.pdf\" class=\"wp-block-file__button\" download>Laadi alla<\/a><\/div>\n\n\n\n<p>Tiit Riisalo \/ direktor \/ Vabariigi Presidendi Kantselei \/ selgitab,  et koroonaviirusega seotud probleemidega tegeleb Vabariigi Valitsus<\/p>\n\n\n\n<hr class=\"wp-block-separator\"\/>\n\n\n\n<div class=\"wp-block-file\"><a href=\"https:\/\/xn--suveniiridemjatejatootjateliit-gfda.ee\/wp-content\/uploads\/2020\/12\/Vastus-Kultuuriministeerium-01.07.pdf\">Vastus-Kultuuriministeerium-01.07<\/a><a href=\"https:\/\/xn--suveniiridemjatejatootjateliit-gfda.ee\/wp-content\/uploads\/2020\/12\/Vastus-Kultuuriministeerium-01.07.pdf\" class=\"wp-block-file__button\" download>Laadi alla<\/a><\/div>\n\n\n\n<p>Merilin Piipuu \/ kultuuriv\u00e4\u00e4rtuste asekantsler \/ Kultuuriministeerium selgitab, miks k\u00e4sit\u00f6\u00f6organisatsioonid ja k\u00e4sit\u00f6\u00f6lised ei saa toetust<\/p>\n\n\n\n<hr class=\"wp-block-separator\"\/>\n\n\n\n<div class=\"wp-block-file\"><a href=\"https:\/\/xn--suveniiridemjatejatootjateliit-gfda.ee\/wp-content\/uploads\/2020\/12\/MKM-Vastus-30.pdf\">MKM-Vastus-30<\/a><a href=\"https:\/\/xn--suveniiridemjatejatootjateliit-gfda.ee\/wp-content\/uploads\/2020\/12\/MKM-Vastus-30.pdf\" class=\"wp-block-file__button\" download>Laadi alla<\/a><\/div>\n\n\n\n<p>Annika Anton \/Majandusarengu osakond \/ Majandus- ja Kommunikatsiooniministeerium \/ selgitab miks suveniiritootjad ja &#8211; m\u00fc\u00fcjad ei saa toetust.<\/p>\n\n\n\n<hr class=\"wp-block-separator\"\/>\n\n\n\n<div class=\"wp-block-file\"><a href=\"https:\/\/xn--suveniiridemjatejatootjateliit-gfda.ee\/wp-content\/uploads\/2020\/12\/Vastus-Majandus-ja-Kommunikatsiooniministeerium-09.05.pdf\">Vastus-Majandus-ja-Kommunikatsiooniministeerium-09.05<\/a><a href=\"https:\/\/xn--suveniiridemjatejatootjateliit-gfda.ee\/wp-content\/uploads\/2020\/12\/Vastus-Majandus-ja-Kommunikatsiooniministeerium-09.05.pdf\" class=\"wp-block-file__button\" download>Laadi alla<\/a><\/div>\n\n\n\n<p>Kristi Talving \/ siseturu asekantsler \/ Majandus- ja Kommunikatsiooniministeerium \/ selgitab miks suveniiritootjad ja &#8211; m\u00fc\u00fcjad ei saa toetust.<\/p>\n\n\n\n<hr class=\"wp-block-separator\"\/>\n\n\n\n<p><\/p>\n","protected":false},"excerpt":{"rendered":"<p>Eesti Vabariigi p\u00f5hiseadus \u00a7 1.Eesti on iseseisev ja s\u00f5ltumatu demokraatlik vabariik, kus k\u00f5rgeima riigiv\u00f5imu kandja on rahvas Eesti Vabariigi p\u00f5hiseadus \u2013 Riigi Teataja \u00d5iguskansleri Kantselei: P\u00f5hiseadusest ei tulene n\u00f5uet, et riigi kehtestatud piirangutega peaks maksma toetusi. Kahju h\u00fcvitamist saab n\u00f5uda nt riigivastutuse seaduse \u00a7 16 alusel Sille Kraam \/Majandusarengu osakonna juhataja \/ Majandus- ja kommunikatsiooniministeerium [&hellip;]<\/p>\n","protected":false},"author":1,"featured_media":0,"parent":0,"menu_order":0,"comment_status":"closed","ping_status":"closed","template":"","meta":{"footnotes":""},"class_list":["post-55","page","type-page","status-publish","hentry"],"_links":{"self":[{"href":"https:\/\/xn--suveniiridemjatejatootjateliit-gfda.ee\/index.php?rest_route=\/wp\/v2\/pages\/55","targetHints":{"allow":["GET"]}}],"collection":[{"href":"https:\/\/xn--suveniiridemjatejatootjateliit-gfda.ee\/index.php?rest_route=\/wp\/v2\/pages"}],"about":[{"href":"https:\/\/xn--suveniiridemjatejatootjateliit-gfda.ee\/index.php?rest_route=\/wp\/v2\/types\/page"}],"author":[{"embeddable":true,"href":"https:\/\/xn--suveniiridemjatejatootjateliit-gfda.ee\/index.php?rest_route=\/wp\/v2\/users\/1"}],"replies":[{"embeddable":true,"href":"https:\/\/xn--suveniiridemjatejatootjateliit-gfda.ee\/index.php?rest_route=%2Fwp%2Fv2%2Fcomments&post=55"}],"version-history":[{"count":30,"href":"https:\/\/xn--suveniiridemjatejatootjateliit-gfda.ee\/index.php?rest_route=\/wp\/v2\/pages\/55\/revisions"}],"predecessor-version":[{"id":490,"href":"https:\/\/xn--suveniiridemjatejatootjateliit-gfda.ee\/index.php?rest_route=\/wp\/v2\/pages\/55\/revisions\/490"}],"wp:attachment":[{"href":"https:\/\/xn--suveniiridemjatejatootjateliit-gfda.ee\/index.php?rest_route=%2Fwp%2Fv2%2Fmedia&parent=55"}],"curies":[{"name":"wp","href":"https:\/\/api.w.org\/{rel}","templated":true}]}}